{"id":35,"date":"2024-09-30T15:45:05","date_gmt":"2024-09-30T13:45:05","guid":{"rendered":"http:\/\/localhost:8888\/wordpress\/?page_id=35"},"modified":"2024-09-30T22:33:38","modified_gmt":"2024-09-30T20:33:38","slug":"ateliers-bien-etre-et-creatifs","status":"publish","type":"page","link":"https:\/\/recreactif.com\/?page_id=35","title":{"rendered":"Nos activit\u00e9s"},"content":{"rendered":"\n<div class=\"wp-block-media-text has-media-on-the-right is-stacked-on-mobile is-vertically-aligned-center\"><div class=\"wp-block-media-text__content\">\n<h4 class=\"wp-block-heading\">Sorties culturelles<\/h4>\n\n\n\n<ul class=\"wp-block-list\">\n<li>Favoriser les d\u00e9placements et la curiosit\u00e9 culturelle et intellectuelle<\/li>\n\n\n\n<li>D\u00e9couvrir notre patrimoine et la richesse du Val d\u2019Oise<\/li>\n\n\n\n<li>Renforcer les liens interg\u00e9n\u00e9rationnels entre les familles<\/li>\n<\/ul>\n<\/div><figure class=\"wp-block-media-text__media\"><img loading=\"lazy\" decoding=\"async\" width=\"788\" height=\"393\" src=\"http:\/\/localhost:8888\/wordpress\/wp-content\/uploads\/2024\/09\/photo-de-groupe-sortie-culturelle-e1727714048358.webp\" alt=\"\" class=\"wp-image-76 size-full\" srcset=\"https:\/\/recreactif.com\/wp-content\/uploads\/2024\/09\/photo-de-groupe-sortie-culturelle-e1727714048358.webp 788w, https:\/\/recreactif.com\/wp-content\/uploads\/2024\/09\/photo-de-groupe-sortie-culturelle-e1727714048358-300x150.webp 300w, https:\/\/recreactif.com\/wp-content\/uploads\/2024\/09\/photo-de-groupe-sortie-culturelle-e1727714048358-768x383.webp 768w\" sizes=\"auto, (max-width: 788px) 100vw, 788px\" \/><\/figure><\/div>\n\n\n\n<hr class=\"wp-block-separator has-text-color has-ast-global-color-5-color has-alpha-channel-opacity has-ast-global-color-5-background-color has-background is-style-default\" style=\"margin-top:var(--wp--preset--spacing--70);margin-bottom:var(--wp--preset--spacing--70)\"\/>\n\n\n\n<div class=\"wp-block-media-text is-stacked-on-mobile is-vertically-aligned-center\"><figure class=\"wp-block-media-text__media\"><img loading=\"lazy\" decoding=\"async\" width=\"800\" height=\"389\" src=\"http:\/\/localhost:8888\/wordpress\/wp-content\/uploads\/2024\/09\/photo-groupe-randonnee.webp\" alt=\"\" class=\"wp-image-75 size-full\" srcset=\"https:\/\/recreactif.com\/wp-content\/uploads\/2024\/09\/photo-groupe-randonnee.webp 800w, https:\/\/recreactif.com\/wp-content\/uploads\/2024\/09\/photo-groupe-randonnee-300x146.webp 300w, https:\/\/recreactif.com\/wp-content\/uploads\/2024\/09\/photo-groupe-randonnee-768x373.webp 768w\" sizes=\"auto, (max-width: 800px) 100vw, 800px\" \/><\/figure><div class=\"wp-block-media-text__content\">\n<h4 class=\"wp-block-heading\">Randonn\u00e9es<\/h4>\n\n\n\n<ul class=\"wp-block-list\">\n<li>Participer \u00e0 une activit\u00e9 sportive en groupe<\/li>\n\n\n\n<li>G\u00e9rer un groupe et s\u2019adapter \u00e0 l\u2019allure et \u00e0 l\u2019effort collectif<\/li>\n\n\n\n<li>Resserrer les liens entre les diff\u00e9rents publics<\/li>\n\n\n\n<li>Pr\u00e9venir les effets du vieillissement et rester en forme<\/li>\n<\/ul>\n<\/div><\/div>\n\n\n\n<hr class=\"wp-block-separator has-text-color has-ast-global-color-5-color has-alpha-channel-opacity has-ast-global-color-5-background-color has-background is-style-default\" style=\"margin-top:var(--wp--preset--spacing--70);margin-bottom:var(--wp--preset--spacing--70)\"\/>\n\n\n\n<div class=\"wp-block-media-text has-media-on-the-right is-stacked-on-mobile is-vertically-aligned-center\"><div class=\"wp-block-media-text__content\">\n<h4 class=\"wp-block-heading\">Ateliers cr\u00e9atifs<\/h4>\n\n\n\n<ul class=\"wp-block-list\">\n<li>Acqu\u00e9rir des techniques de base dans les domaines du patchwork et des loisirs cr\u00e9atifs<\/li>\n\n\n\n<li>Proposer un lieux d\u2019\u00e9changes interg\u00e9n\u00e9rationnels et interculturels<\/li>\n\n\n\n<li>Rompre l\u2019isolement et renforcer les liens sociaux<\/li>\n<\/ul>\n<\/div><figure class=\"wp-block-media-text__media\"><img loading=\"lazy\" decoding=\"async\" width=\"800\" height=\"392\" src=\"http:\/\/localhost:8888\/wordpress\/wp-content\/uploads\/2024\/09\/atelier-recollons-les-morceaux-e1727714154398.webp\" alt=\"\" class=\"wp-image-77 size-full\" srcset=\"https:\/\/recreactif.com\/wp-content\/uploads\/2024\/09\/atelier-recollons-les-morceaux-e1727714154398.webp 800w, https:\/\/recreactif.com\/wp-content\/uploads\/2024\/09\/atelier-recollons-les-morceaux-e1727714154398-300x147.webp 300w, https:\/\/recreactif.com\/wp-content\/uploads\/2024\/09\/atelier-recollons-les-morceaux-e1727714154398-768x376.webp 768w\" sizes=\"auto, (max-width: 800px) 100vw, 800px\" \/><\/figure><\/div>\n\n\n\n<hr class=\"wp-block-separator has-text-color has-ast-global-color-5-color has-alpha-channel-opacity has-ast-global-color-5-background-color has-background is-style-default\" style=\"margin-top:var(--wp--preset--spacing--70);margin-bottom:var(--wp--preset--spacing--70)\"\/>\n\n\n\n<div class=\"wp-block-media-text is-stacked-on-mobile is-vertically-aligned-center\"><figure class=\"wp-block-media-text__media\"><img loading=\"lazy\" decoding=\"async\" width=\"800\" height=\"389\" src=\"http:\/\/localhost:8888\/wordpress\/wp-content\/uploads\/2024\/09\/photo-de-groupe-club-lecture.webp\" alt=\"\" class=\"wp-image-78 size-full\" srcset=\"https:\/\/recreactif.com\/wp-content\/uploads\/2024\/09\/photo-de-groupe-club-lecture.webp 800w, https:\/\/recreactif.com\/wp-content\/uploads\/2024\/09\/photo-de-groupe-club-lecture-300x146.webp 300w, https:\/\/recreactif.com\/wp-content\/uploads\/2024\/09\/photo-de-groupe-club-lecture-768x373.webp 768w\" sizes=\"auto, (max-width: 800px) 100vw, 800px\" \/><\/figure><div class=\"wp-block-media-text__content\">\n<h4 class=\"wp-block-heading\">Club de lecture<\/h4>\n\n\n\n<ul class=\"wp-block-list\">\n<li>Partager le go\u00fbt de la lecture<\/li>\n\n\n\n<li>Favoriser les \u00e9changes entre les participants<\/li>\n\n\n\n<li>Aller sur les pistes des auteurs et se familiariser avec l\u2019\u00e9criture<\/li>\n<\/ul>\n<\/div><\/div>\n\n\n\n<hr class=\"wp-block-separator has-text-color has-ast-global-color-5-color has-alpha-channel-opacity has-ast-global-color-5-background-color has-background is-style-default\" style=\"margin-top:var(--wp--preset--spacing--70);margin-bottom:var(--wp--preset--spacing--70)\"\/>\n\n\n\n<div class=\"wp-block-media-text has-media-on-the-right is-stacked-on-mobile is-vertically-aligned-center\"><div class=\"wp-block-media-text__content\">\n<h4 class=\"wp-block-heading\">Conf\u00e9rences<\/h4>\n\n\n\n<ul class=\"wp-block-list\">\n<li>D\u00e9battre autour de sujets d&rsquo;actualit\u00e9<\/li>\n\n\n\n<li>Sensibiliser les membres de l&rsquo;association au d\u00e9r\u00e8glement climatique<\/li>\n\n\n\n<li>D\u00e9velopper les connaissances dans les domaines de l&rsquo;\u00e9cologie, la consommation sobre, la nutrition, la sant\u00e9&#8230;<\/li>\n<\/ul>\n<\/div><figure class=\"wp-block-media-text__media\"><img loading=\"lazy\" decoding=\"async\" width=\"800\" height=\"389\" src=\"http:\/\/localhost:8888\/wordpress\/wp-content\/uploads\/2024\/09\/sensibilisation-le-revers-de-mon-look.webp\" alt=\"\" class=\"wp-image-79 size-full\" srcset=\"https:\/\/recreactif.com\/wp-content\/uploads\/2024\/09\/sensibilisation-le-revers-de-mon-look.webp 800w, https:\/\/recreactif.com\/wp-content\/uploads\/2024\/09\/sensibilisation-le-revers-de-mon-look-300x146.webp 300w, https:\/\/recreactif.com\/wp-content\/uploads\/2024\/09\/sensibilisation-le-revers-de-mon-look-768x373.webp 768w\" sizes=\"auto, (max-width: 800px) 100vw, 800px\" \/><\/figure><\/div>\n","protected":false},"excerpt":{"rendered":"","protected":false},"author":1,"featured_media":0,"parent":0,"menu_order":0,"comment_status":"closed","ping_status":"closed","template":"","meta":{"site-sidebar-layout":"default","site-content-layout":"","ast-site-content-layout":"","site-content-style":"default","site-sidebar-style":"default","ast-global-header-display":"","ast-banner-title-visibility":"","ast-main-header-display":"","ast-hfb-above-header-display":"","ast-hfb-below-header-display":"","ast-hfb-mobile-header-display":"","site-post-title":"","ast-breadcrumbs-content":"","ast-featured-img":"","footer-sml-layout":"","theme-transparent-header-meta":"","adv-header-id-meta":"","stick-header-meta":"","header-above-stick-meta":"","header-main-stick-meta":"","header-below-stick-meta":"","astra-migrate-meta-layouts":"default","ast-page-background-enabled":"default","ast-page-background-meta":{"desktop":{"background-color":"var(--ast-global-color-4)","background-image":"","background-repeat":"repeat","background-position":"center center","background-size":"auto","background-attachment":"scroll","background-type":"","background-media":"","overlay-type":"","overlay-color":"","overlay-opacity":"","overlay-gradient":""},"tablet":{"background-color":"","background-image":"","background-repeat":"repeat","background-position":"center center","background-size":"auto","background-attachment":"scroll","background-type":"","background-media":"","overlay-type":"","overlay-color":"","overlay-opacity":"","overlay-gradient":""},"mobile":{"background-color":"","background-image":"","background-repeat":"repeat","background-position":"center center","background-size":"auto","background-attachment":"scroll","background-type":"","background-media":"","overlay-type":"","overlay-color":"","overlay-opacity":"","overlay-gradient":""}},"ast-content-background-meta":{"desktop":{"background-color":"var(--ast-global-color-5)","background-image":"","background-repeat":"repeat","background-position":"center center","background-size":"auto","background-attachment":"scroll","background-type":"","background-media":"","overlay-type":"","overlay-color":"","overlay-opacity":"","overlay-gradient":""},"tablet":{"background-color":"var(--ast-global-color-5)","background-image":"","background-repeat":"repeat","background-position":"center center","background-size":"auto","background-attachment":"scroll","background-type":"","background-media":"","overlay-type":"","overlay-color":"","overlay-opacity":"","overlay-gradient":""},"mobile":{"background-color":"var(--ast-global-color-5)","background-image":"","background-repeat":"repeat","background-position":"center center","background-size":"auto","background-attachment":"scroll","background-type":"","background-media":"","overlay-type":"","overlay-color":"","overlay-opacity":"","overlay-gradient":""}},"footnotes":""},"class_list":["post-35","page","type-page","status-publish","hentry"],"_links":{"self":[{"href":"https:\/\/recreactif.com\/index.php?rest_route=\/wp\/v2\/pages\/35","targetHints":{"allow":["GET"]}}],"collection":[{"href":"https:\/\/recreactif.com\/index.php?rest_route=\/wp\/v2\/pages"}],"about":[{"href":"https:\/\/recreactif.com\/index.php?rest_route=\/wp\/v2\/types\/page"}],"author":[{"embeddable":true,"href":"https:\/\/recreactif.com\/index.php?rest_route=\/wp\/v2\/users\/1"}],"replies":[{"embeddable":true,"href":"https:\/\/recreactif.com\/index.php?rest_route=%2Fwp%2Fv2%2Fcomments&post=35"}],"version-history":[{"count":5,"href":"https:\/\/recreactif.com\/index.php?rest_route=\/wp\/v2\/pages\/35\/revisions"}],"predecessor-version":[{"id":127,"href":"https:\/\/recreactif.com\/index.php?rest_route=\/wp\/v2\/pages\/35\/revisions\/127"}],"wp:attachment":[{"href":"https:\/\/recreactif.com\/index.php?rest_route=%2Fwp%2Fv2%2Fmedia&parent=35"}],"curies":[{"name":"wp","href":"https:\/\/api.w.org\/{rel}","templated":true}]}}